{"id":1024,"date":"2023-09-08T13:29:22","date_gmt":"2023-09-08T13:29:22","guid":{"rendered":"http:\/\/ingarohallen.se\/?page_id=1024"},"modified":"2026-02-17T12:25:49","modified_gmt":"2026-02-17T12:25:49","slug":"kontakt","status":"publish","type":"page","link":"https:\/\/www.xn--ingarhallen-vfb.se\/?page_id=1024","title":{"rendered":"Kontakt"},"content":{"rendered":"\n<div style=\"height:60px\" aria-hidden=\"true\" class=\"wp-block-spacer\"><\/div>\n\n\n\n<div class=\"wp-block-columns is-layout-flex wp-container-8 wp-block-columns-is-layout-flex\">\n<div class=\"wp-block-column is-layout-flow wp-block-column-is-layout-flow\" style=\"flex-basis:100%\">\n<div class=\"wp-block-columns alignwide is-layout-flex wp-container-6 wp-block-columns-is-layout-flex\">\n<div class=\"wp-block-column is-layout-flow wp-block-column-is-layout-flow\"><\/div>\n\n\n\n<div class=\"wp-block-column is-layout-flow wp-block-column-is-layout-flow\"><\/div>\n\n\n\n<div class=\"wp-block-column is-vertically-aligned-center is-layout-flow wp-block-column-is-layout-flow\" style=\"flex-basis:40%\">\n<figure class=\"wp-block-image size-large\"><img decoding=\"async\" loading=\"lazy\" width=\"1024\" height=\"1024\" src=\"http:\/\/ingarohallen.se\/wp-content\/uploads\/2023\/09\/o\u0308ppettider2_Rityta-1-1024x1024.png\" alt=\"\" class=\"wp-image-1089\" srcset=\"https:\/\/www.xn--ingarhallen-vfb.se\/wp-content\/uploads\/2023\/09\/o\u0308ppettider2_Rityta-1-1024x1024.png 1024w, https:\/\/www.xn--ingarhallen-vfb.se\/wp-content\/uploads\/2023\/09\/o\u0308ppettider2_Rityta-1-300x300.png 300w, https:\/\/www.xn--ingarhallen-vfb.se\/wp-content\/uploads\/2023\/09\/o\u0308ppettider2_Rityta-1-150x150.png 150w, https:\/\/www.xn--ingarhallen-vfb.se\/wp-content\/uploads\/2023\/09\/o\u0308ppettider2_Rityta-1-768x768.png 768w, https:\/\/www.xn--ingarhallen-vfb.se\/wp-content\/uploads\/2023\/09\/o\u0308ppettider2_Rityta-1-1600x1600.png 1600w, https:\/\/www.xn--ingarhallen-vfb.se\/wp-content\/uploads\/2023\/09\/o\u0308ppettider2_Rityta-1-1536x1536.png 1536w, https:\/\/www.xn--ingarhallen-vfb.se\/wp-content\/uploads\/2023\/09\/o\u0308ppettider2_Rityta-1-2048x2048.png 2048w, https:\/\/www.xn--ingarhallen-vfb.se\/wp-content\/uploads\/2023\/09\/o\u0308ppettider2_Rityta-1-640x640.png 640w, https:\/\/www.xn--ingarhallen-vfb.se\/wp-content\/uploads\/2023\/09\/o\u0308ppettider2_Rityta-1-1280x1280.png 1280w\" sizes=\"(max-width: 1024px) 100vw, 1024px\" \/><\/figure>\n<\/div>\n\n\n\n<div class=\"wp-block-column is-vertically-aligned-center is-layout-flow wp-block-column-is-layout-flow\">\n<div style=\"height:100px\" aria-hidden=\"true\" class=\"wp-block-spacer\"><\/div>\n\n\n\n<div style=\"height:100px\" aria-hidden=\"true\" class=\"wp-block-spacer\"><\/div>\n<\/div>\n\n\n\n<div class=\"wp-block-column is-vertically-aligned-center is-layout-flow wp-block-column-is-layout-flow\" style=\"flex-basis:60%\">\n<p class=\"has-blue-color has-text-color has-large-font-size\"><strong>KONTAKT<\/strong><\/p>\n\n\n\n<p class=\"has-blue-color has-text-color has-medium-font-size\"><strong>\u00c4R DET N\u00c5GOT DU FUNDERAR P\u00c5? TVEKA INTE TILL ATT H\u00d6RA AV DIG TILL OSS.<\/strong><\/p>\n\n\n\n<p class=\"has-blue-color has-text-color has-medium-font-size\"><strong>PASTOR \u00d6DMANS V\u00c4G 2<br>134 60 INGAR\u00d6<br>SWEDEN<\/strong><\/p>\n\n\n\n<p class=\"has-blue-color has-text-color has-medium-font-size\"><strong>TEL. 08 574 406 40<br>INFO@INGAROHALLEN.SE<\/strong><\/p>\n<\/div>\n<\/div>\n<\/div>\n<\/div>\n\n\n\n<div class=\"wp-block-columns is-layout-flex wp-container-12 wp-block-columns-is-layout-flex\">\n<div class=\"wp-block-column is-layout-flow wp-block-column-is-layout-flow\">\n<figure class=\"wp-block-image size-large\"><img decoding=\"async\" loading=\"lazy\" width=\"1024\" height=\"1024\" src=\"http:\/\/ingarohallen.se\/wp-content\/uploads\/2023\/09\/Kontaktkort-06-1024x1024.png\" alt=\"\" class=\"wp-image-1076\" srcset=\"https:\/\/www.xn--ingarhallen-vfb.se\/wp-content\/uploads\/2023\/09\/Kontaktkort-06-1024x1024.png 1024w, https:\/\/www.xn--ingarhallen-vfb.se\/wp-content\/uploads\/2023\/09\/Kontaktkort-06-300x300.png 300w, https:\/\/www.xn--ingarhallen-vfb.se\/wp-content\/uploads\/2023\/09\/Kontaktkort-06-150x150.png 150w, https:\/\/www.xn--ingarhallen-vfb.se\/wp-content\/uploads\/2023\/09\/Kontaktkort-06-768x768.png 768w, https:\/\/www.xn--ingarhallen-vfb.se\/wp-content\/uploads\/2023\/09\/Kontaktkort-06-1600x1600.png 1600w, https:\/\/www.xn--ingarhallen-vfb.se\/wp-content\/uploads\/2023\/09\/Kontaktkort-06-1536x1536.png 1536w, https:\/\/www.xn--ingarhallen-vfb.se\/wp-content\/uploads\/2023\/09\/Kontaktkort-06-2048x2048.png 2048w, https:\/\/www.xn--ingarhallen-vfb.se\/wp-content\/uploads\/2023\/09\/Kontaktkort-06-640x640.png 640w, https:\/\/www.xn--ingarhallen-vfb.se\/wp-content\/uploads\/2023\/09\/Kontaktkort-06-1280x1280.png 1280w\" sizes=\"(max-width: 1024px) 100vw, 1024px\" \/><\/figure>\n\n\n\n<p class=\"has-text-align-center has-blue-color has-text-color has-medium-font-size\"><strong>BUTIK<\/strong><\/p>\n\n\n\n<p class=\"has-text-align-center has-blue-color has-text-color has-medium-font-size\"><a href=\"tel:0857440640\"><strong>08 574 406 40<\/strong><\/a><\/p>\n\n\n\n<p class=\"has-text-align-center has-blue-color has-text-color has-medium-font-size\"><a href=\"mailto:info@ingarohallen.se\"><strong>info@ingarohallen.se<\/strong><\/a><\/p>\n\n\n\n<p><\/p>\n<\/div>\n\n\n\n<div class=\"wp-block-column is-layout-flow wp-block-column-is-layout-flow\">\n<figure class=\"wp-block-image size-large\"><img decoding=\"async\" loading=\"lazy\" width=\"1024\" height=\"1024\" src=\"http:\/\/ingarohallen.se\/wp-content\/uploads\/2023\/09\/Kontaktkort-03-1024x1024.png\" alt=\"\" class=\"wp-image-1077\" srcset=\"https:\/\/www.xn--ingarhallen-vfb.se\/wp-content\/uploads\/2023\/09\/Kontaktkort-03-1024x1024.png 1024w, https:\/\/www.xn--ingarhallen-vfb.se\/wp-content\/uploads\/2023\/09\/Kontaktkort-03-300x300.png 300w, https:\/\/www.xn--ingarhallen-vfb.se\/wp-content\/uploads\/2023\/09\/Kontaktkort-03-150x150.png 150w, https:\/\/www.xn--ingarhallen-vfb.se\/wp-content\/uploads\/2023\/09\/Kontaktkort-03-768x768.png 768w, https:\/\/www.xn--ingarhallen-vfb.se\/wp-content\/uploads\/2023\/09\/Kontaktkort-03-1600x1600.png 1600w, https:\/\/www.xn--ingarhallen-vfb.se\/wp-content\/uploads\/2023\/09\/Kontaktkort-03-1536x1536.png 1536w, https:\/\/www.xn--ingarhallen-vfb.se\/wp-content\/uploads\/2023\/09\/Kontaktkort-03-2048x2048.png 2048w, https:\/\/www.xn--ingarhallen-vfb.se\/wp-content\/uploads\/2023\/09\/Kontaktkort-03-640x640.png 640w, https:\/\/www.xn--ingarhallen-vfb.se\/wp-content\/uploads\/2023\/09\/Kontaktkort-03-1280x1280.png 1280w\" sizes=\"(max-width: 1024px) 100vw, 1024px\" \/><\/figure>\n\n\n\n<p class=\"has-text-align-center has-blue-color has-text-color has-medium-font-size\"><strong>JOHAN<\/strong><\/p>\n\n\n\n<p class=\"has-text-align-center has-blue-color has-text-color has-medium-font-size\"><strong><a href=\"tel:0857440641\">08 574 406 41<\/a><\/strong><\/p>\n\n\n\n<p class=\"has-text-align-center has-blue-color has-text-color has-medium-font-size\"><a href=\"mailto:johan@ingarohallen.se\"><strong>johan@ingarohallen.se<\/strong><\/a><\/p>\n<\/div>\n\n\n\n<div class=\"wp-block-column is-layout-flow wp-block-column-is-layout-flow\">\n<figure class=\"wp-block-image size-large\"><img decoding=\"async\" loading=\"lazy\" width=\"1024\" height=\"1024\" src=\"http:\/\/ingarohallen.se\/wp-content\/uploads\/2023\/09\/Kontaktkort-04-1024x1024.png\" alt=\"\" class=\"wp-image-1078\" srcset=\"https:\/\/www.xn--ingarhallen-vfb.se\/wp-content\/uploads\/2023\/09\/Kontaktkort-04-1024x1024.png 1024w, https:\/\/www.xn--ingarhallen-vfb.se\/wp-content\/uploads\/2023\/09\/Kontaktkort-04-300x300.png 300w, https:\/\/www.xn--ingarhallen-vfb.se\/wp-content\/uploads\/2023\/09\/Kontaktkort-04-150x150.png 150w, https:\/\/www.xn--ingarhallen-vfb.se\/wp-content\/uploads\/2023\/09\/Kontaktkort-04-768x768.png 768w, https:\/\/www.xn--ingarhallen-vfb.se\/wp-content\/uploads\/2023\/09\/Kontaktkort-04-1600x1600.png 1600w, https:\/\/www.xn--ingarhallen-vfb.se\/wp-content\/uploads\/2023\/09\/Kontaktkort-04-1536x1536.png 1536w, https:\/\/www.xn--ingarhallen-vfb.se\/wp-content\/uploads\/2023\/09\/Kontaktkort-04-2048x2048.png 2048w, https:\/\/www.xn--ingarhallen-vfb.se\/wp-content\/uploads\/2023\/09\/Kontaktkort-04-640x640.png 640w, https:\/\/www.xn--ingarhallen-vfb.se\/wp-content\/uploads\/2023\/09\/Kontaktkort-04-1280x1280.png 1280w\" sizes=\"(max-width: 1024px) 100vw, 1024px\" \/><\/figure>\n\n\n\n<p class=\"has-text-align-center has-blue-color has-text-color has-medium-font-size\"><strong>ANDREAS<\/strong><\/p>\n\n\n\n<p class=\"has-text-align-center has-blue-color has-text-color has-medium-font-size\"><strong><a href=\"mailto:andreas@ingarohallen.se\">andreas@ingarohallen.se<\/a><\/strong><\/p>\n<\/div>\n<\/div>\n\n\n\n<div class=\"wp-block-columns is-layout-flex wp-container-16 wp-block-columns-is-layout-flex\">\n<div class=\"wp-block-column is-layout-flow wp-block-column-is-layout-flow\">\n<figure class=\"wp-block-image size-large\"><img decoding=\"async\" loading=\"lazy\" width=\"1024\" height=\"1024\" src=\"http:\/\/ingarohallen.se\/wp-content\/uploads\/2023\/09\/Kontaktkort-02-1024x1024.png\" alt=\"\" class=\"wp-image-1079\" srcset=\"https:\/\/www.xn--ingarhallen-vfb.se\/wp-content\/uploads\/2023\/09\/Kontaktkort-02-1024x1024.png 1024w, https:\/\/www.xn--ingarhallen-vfb.se\/wp-content\/uploads\/2023\/09\/Kontaktkort-02-300x300.png 300w, https:\/\/www.xn--ingarhallen-vfb.se\/wp-content\/uploads\/2023\/09\/Kontaktkort-02-150x150.png 150w, https:\/\/www.xn--ingarhallen-vfb.se\/wp-content\/uploads\/2023\/09\/Kontaktkort-02-768x768.png 768w, https:\/\/www.xn--ingarhallen-vfb.se\/wp-content\/uploads\/2023\/09\/Kontaktkort-02-1600x1600.png 1600w, https:\/\/www.xn--ingarhallen-vfb.se\/wp-content\/uploads\/2023\/09\/Kontaktkort-02-1536x1536.png 1536w, https:\/\/www.xn--ingarhallen-vfb.se\/wp-content\/uploads\/2023\/09\/Kontaktkort-02-2048x2048.png 2048w, https:\/\/www.xn--ingarhallen-vfb.se\/wp-content\/uploads\/2023\/09\/Kontaktkort-02-640x640.png 640w, https:\/\/www.xn--ingarhallen-vfb.se\/wp-content\/uploads\/2023\/09\/Kontaktkort-02-1280x1280.png 1280w\" sizes=\"(max-width: 1024px) 100vw, 1024px\" \/><\/figure>\n\n\n\n<p class=\"has-text-align-center has-blue-color has-text-color has-medium-font-size\"><strong>SUSSIE<\/strong><\/p>\n\n\n\n<p class=\"has-text-align-center has-blue-color has-text-color has-medium-font-size\"><strong><a href=\"tel:0857440642\">08 574 406 42<\/a><\/strong><\/p>\n\n\n\n<p class=\"has-text-align-center has-blue-color has-text-color has-medium-font-size\"><strong><a href=\"mailto:sussie@ingarohallen.se\">sussie@ingarohallen.se<\/a><\/strong><\/p>\n<\/div>\n\n\n\n<div class=\"wp-block-column is-layout-flow wp-block-column-is-layout-flow\">\n<figure class=\"wp-block-image size-large\"><img decoding=\"async\" loading=\"lazy\" width=\"1024\" height=\"1024\" src=\"http:\/\/ingarohallen.se\/wp-content\/uploads\/2023\/09\/Kontaktkort-07-1024x1024.png\" alt=\"\" class=\"wp-image-1080\" srcset=\"https:\/\/www.xn--ingarhallen-vfb.se\/wp-content\/uploads\/2023\/09\/Kontaktkort-07-1024x1024.png 1024w, https:\/\/www.xn--ingarhallen-vfb.se\/wp-content\/uploads\/2023\/09\/Kontaktkort-07-300x300.png 300w, https:\/\/www.xn--ingarhallen-vfb.se\/wp-content\/uploads\/2023\/09\/Kontaktkort-07-150x150.png 150w, https:\/\/www.xn--ingarhallen-vfb.se\/wp-content\/uploads\/2023\/09\/Kontaktkort-07-768x768.png 768w, https:\/\/www.xn--ingarhallen-vfb.se\/wp-content\/uploads\/2023\/09\/Kontaktkort-07-1600x1600.png 1600w, https:\/\/www.xn--ingarhallen-vfb.se\/wp-content\/uploads\/2023\/09\/Kontaktkort-07-1536x1536.png 1536w, https:\/\/www.xn--ingarhallen-vfb.se\/wp-content\/uploads\/2023\/09\/Kontaktkort-07-2048x2048.png 2048w, https:\/\/www.xn--ingarhallen-vfb.se\/wp-content\/uploads\/2023\/09\/Kontaktkort-07-640x640.png 640w, https:\/\/www.xn--ingarhallen-vfb.se\/wp-content\/uploads\/2023\/09\/Kontaktkort-07-1280x1280.png 1280w\" sizes=\"(max-width: 1024px) 100vw, 1024px\" \/><\/figure>\n\n\n\n<p class=\"has-text-align-center has-blue-color has-text-color has-medium-font-size\"><strong>JOHAN <\/strong><\/p>\n\n\n\n<p class=\"has-text-align-center has-blue-color has-text-color has-medium-font-size\"><strong><a href=\"tel:0857440644\">08 574 406 44<\/a><\/strong><\/p>\n\n\n\n<p class=\"has-text-align-center has-blue-color has-text-color has-medium-font-size\"><strong><a href=\"mailto:johan@ingarohallen.se\">johan@ingarohallen.se<\/a><\/strong><\/p>\n<\/div>\n\n\n\n<div class=\"wp-block-column is-layout-flow wp-block-column-is-layout-flow\">\n<figure class=\"wp-block-image size-large\"><img decoding=\"async\" loading=\"lazy\" width=\"1024\" height=\"1024\" src=\"http:\/\/ingarohallen.se\/wp-content\/uploads\/2023\/09\/Kontaktkort-05-1024x1024.png\" alt=\"\" class=\"wp-image-1081\" srcset=\"https:\/\/www.xn--ingarhallen-vfb.se\/wp-content\/uploads\/2023\/09\/Kontaktkort-05-1024x1024.png 1024w, https:\/\/www.xn--ingarhallen-vfb.se\/wp-content\/uploads\/2023\/09\/Kontaktkort-05-300x300.png 300w, https:\/\/www.xn--ingarhallen-vfb.se\/wp-content\/uploads\/2023\/09\/Kontaktkort-05-150x150.png 150w, https:\/\/www.xn--ingarhallen-vfb.se\/wp-content\/uploads\/2023\/09\/Kontaktkort-05-768x768.png 768w, https:\/\/www.xn--ingarhallen-vfb.se\/wp-content\/uploads\/2023\/09\/Kontaktkort-05-1600x1600.png 1600w, https:\/\/www.xn--ingarhallen-vfb.se\/wp-content\/uploads\/2023\/09\/Kontaktkort-05-1536x1536.png 1536w, https:\/\/www.xn--ingarhallen-vfb.se\/wp-content\/uploads\/2023\/09\/Kontaktkort-05-2048x2048.png 2048w, https:\/\/www.xn--ingarhallen-vfb.se\/wp-content\/uploads\/2023\/09\/Kontaktkort-05-640x640.png 640w, https:\/\/www.xn--ingarhallen-vfb.se\/wp-content\/uploads\/2023\/09\/Kontaktkort-05-1280x1280.png 1280w\" sizes=\"(max-width: 1024px) 100vw, 1024px\" \/><\/figure>\n\n\n\n<p class=\"has-text-align-center has-blue-color has-text-color has-medium-font-size\"><strong>CELINA<\/strong><\/p>\n\n\n\n<p class=\"has-text-align-center has-blue-color has-text-color has-medium-font-size\"><a href=\"mailto:celina@ingarohallen.se\"><strong>celina@ingarohallen.se<\/strong><\/a><\/p>\n<\/div>\n<\/div>\n\n\n\n<p><\/p>\n","protected":false},"excerpt":{"rendered":"<p>KONTAKT \u00c4R DET N\u00c5GOT DU FUNDERAR&#8230;<\/p>\n","protected":false},"author":2,"featured_media":0,"parent":0,"menu_order":0,"comment_status":"closed","ping_status":"closed","template":"","meta":{"footnotes":""},"_links":{"self":[{"href":"https:\/\/www.xn--ingarhallen-vfb.se\/index.php?rest_route=\/wp\/v2\/pages\/1024"}],"collection":[{"href":"https:\/\/www.xn--ingarhallen-vfb.se\/index.php?rest_route=\/wp\/v2\/pages"}],"about":[{"href":"https:\/\/www.xn--ingarhallen-vfb.se\/index.php?rest_route=\/wp\/v2\/types\/page"}],"author":[{"embeddable":true,"href":"https:\/\/www.xn--ingarhallen-vfb.se\/index.php?rest_route=\/wp\/v2\/users\/2"}],"replies":[{"embeddable":true,"href":"https:\/\/www.xn--ingarhallen-vfb.se\/index.php?rest_route=%2Fwp%2Fv2%2Fcomments&post=1024"}],"version-history":[{"count":41,"href":"https:\/\/www.xn--ingarhallen-vfb.se\/index.php?rest_route=\/wp\/v2\/pages\/1024\/revisions"}],"predecessor-version":[{"id":1511,"href":"https:\/\/www.xn--ingarhallen-vfb.se\/index.php?rest_route=\/wp\/v2\/pages\/1024\/revisions\/1511"}],"wp:attachment":[{"href":"https:\/\/www.xn--ingarhallen-vfb.se\/index.php?rest_route=%2Fwp%2Fv2%2Fmedia&parent=1024"}],"curies":[{"name":"wp","href":"https:\/\/api.w.org\/{rel}","templated":true}]}}