{"id":1209,"date":"2023-10-12T10:05:36","date_gmt":"2023-10-12T10:05:36","guid":{"rendered":"http:\/\/ingarohallen.se\/?page_id=1209"},"modified":"2023-11-17T13:34:56","modified_gmt":"2023-11-17T13:34:56","slug":"jobba-hos-oss","status":"publish","type":"page","link":"https:\/\/www.xn--ingarhallen-vfb.se\/?page_id=1209","title":{"rendered":"Jobba hos oss"},"content":{"rendered":"\n<div class=\"wp-block-group alignwide is-layout-flow wp-block-group-is-layout-flow\"><div class=\"wp-block-group__inner-container\">\n<div class=\"wp-block-media-text alignwide has-media-on-the-right is-stacked-on-mobile\"><div class=\"wp-block-media-text__content\">\n<p class=\"has-blue-color has-text-color has-large-font-size\"><strong>VILL DU BLI EN DEL AV V\u00c5RAT TEAM?<\/strong><\/p>\n\n\n\n<p class=\"has-blue-color has-text-color has-medium-font-size\"><strong>H\u00c4R P\u00c5 INGAR\u00d6HALLEN VILL VI GE DET B\u00c4STA TILL V\u00c5RA KUNDER. \u00c4R DU EN SERVICEINRIKTAD PERSON SOM TYCKER OM M\u00d6TEN MED ANDRA M\u00c4NNISKOR?<\/strong><\/p>\n\n\n\n<div class=\"wp-block-buttons is-layout-flex wp-block-buttons-is-layout-flex\">\n<div class=\"wp-block-button has-custom-font-size has-medium-font-size\"><a class=\"wp-block-button__link has-white-color has-blue-background-color has-text-color has-background wp-element-button\" href=\"mailto:johan@ingarohallen.se\"><strong>SPONTANS\u00d6K H\u00c4R<\/strong><\/a><\/div>\n<\/div>\n\n\n\n<div style=\"height:34px\" aria-hidden=\"true\" class=\"wp-block-spacer\"><\/div>\n\n\n\n<p class=\"has-blue-color has-text-color has-large-font-size\"><\/p>\n\n\n\n<p class=\"has-blue-color has-text-color has-medium-font-size\"><\/p>\n\n\n\n<p><\/p>\n<\/div><figure class=\"wp-block-media-text__media\"><img decoding=\"async\" loading=\"lazy\" width=\"819\" height=\"1024\" src=\"http:\/\/ingarohallen.se\/wp-content\/uploads\/2023\/10\/animate-24-819x1024.png\" alt=\"\" class=\"wp-image-1210 size-full\" srcset=\"https:\/\/www.xn--ingarhallen-vfb.se\/wp-content\/uploads\/2023\/10\/animate-24-819x1024.png 819w, https:\/\/www.xn--ingarhallen-vfb.se\/wp-content\/uploads\/2023\/10\/animate-24-240x300.png 240w, https:\/\/www.xn--ingarhallen-vfb.se\/wp-content\/uploads\/2023\/10\/animate-24-768x960.png 768w, https:\/\/www.xn--ingarhallen-vfb.se\/wp-content\/uploads\/2023\/10\/animate-24-1600x2000.png 1600w, https:\/\/www.xn--ingarhallen-vfb.se\/wp-content\/uploads\/2023\/10\/animate-24-1229x1536.png 1229w, https:\/\/www.xn--ingarhallen-vfb.se\/wp-content\/uploads\/2023\/10\/animate-24-1638x2048.png 1638w, https:\/\/www.xn--ingarhallen-vfb.se\/wp-content\/uploads\/2023\/10\/animate-24-640x800.png 640w, https:\/\/www.xn--ingarhallen-vfb.se\/wp-content\/uploads\/2023\/10\/animate-24-1024x1280.png 1024w, https:\/\/www.xn--ingarhallen-vfb.se\/wp-content\/uploads\/2023\/10\/animate-24-1280x1600.png 1280w\" sizes=\"(max-width: 819px) 100vw, 819px\" \/><\/figure><\/div>\n\n\n\n<p><\/p>\n<\/div><\/div>\n","protected":false},"excerpt":{"rendered":"<p>VILL DU BLI EN DEL AV&#8230;<\/p>\n","protected":false},"author":2,"featured_media":0,"parent":0,"menu_order":0,"comment_status":"closed","ping_status":"closed","template":"","meta":{"footnotes":""},"_links":{"self":[{"href":"https:\/\/www.xn--ingarhallen-vfb.se\/index.php?rest_route=\/wp\/v2\/pages\/1209"}],"collection":[{"href":"https:\/\/www.xn--ingarhallen-vfb.se\/index.php?rest_route=\/wp\/v2\/pages"}],"about":[{"href":"https:\/\/www.xn--ingarhallen-vfb.se\/index.php?rest_route=\/wp\/v2\/types\/page"}],"author":[{"embeddable":true,"href":"https:\/\/www.xn--ingarhallen-vfb.se\/index.php?rest_route=\/wp\/v2\/users\/2"}],"replies":[{"embeddable":true,"href":"https:\/\/www.xn--ingarhallen-vfb.se\/index.php?rest_route=%2Fwp%2Fv2%2Fcomments&post=1209"}],"version-history":[{"count":18,"href":"https:\/\/www.xn--ingarhallen-vfb.se\/index.php?rest_route=\/wp\/v2\/pages\/1209\/revisions"}],"predecessor-version":[{"id":1396,"href":"https:\/\/www.xn--ingarhallen-vfb.se\/index.php?rest_route=\/wp\/v2\/pages\/1209\/revisions\/1396"}],"wp:attachment":[{"href":"https:\/\/www.xn--ingarhallen-vfb.se\/index.php?rest_route=%2Fwp%2Fv2%2Fmedia&parent=1209"}],"curies":[{"name":"wp","href":"https:\/\/api.w.org\/{rel}","templated":true}]}}